{"id":138,"date":"2025-01-23T16:42:04","date_gmt":"2025-01-23T16:42:04","guid":{"rendered":"https:\/\/solucionesmonarca.com\/?page_id=138"},"modified":"2025-01-23T17:21:18","modified_gmt":"2025-01-23T17:21:18","slug":"siste","status":"publish","type":"page","link":"https:\/\/solucionesmonarca.com\/?page_id=138","title":{"rendered":"Sistemas"},"content":{"rendered":"<!-- wp:paragraph--><div class=\"gridContainer\">\n<p><\/p>\n<\/div><!-- \/wp:paragraph-->\n\n<!-- wp:image {\"id\":139,\"sizeSlug\":\"large\",\"linkDestination\":\"none\"}--><div class=\"gridContainer\">\n<figure class=\"wp-block-image size-large\"><img loading=\"lazy\" decoding=\"async\" width=\"1024\" height=\"585\" src=\"https:\/\/solucionesmonarca.com\/wp-content\/uploads\/2025\/01\/aplicacion6-1024x585.jpeg\" alt=\"\" class=\"wp-image-139\" srcset=\"https:\/\/solucionesmonarca.com\/wp-content\/uploads\/2025\/01\/aplicacion6-1024x585.jpeg 1024w, https:\/\/solucionesmonarca.com\/wp-content\/uploads\/2025\/01\/aplicacion6-300x171.jpeg 300w, https:\/\/solucionesmonarca.com\/wp-content\/uploads\/2025\/01\/aplicacion6-768x439.jpeg 768w, https:\/\/solucionesmonarca.com\/wp-content\/uploads\/2025\/01\/aplicacion6-1536x878.jpeg 1536w, https:\/\/solucionesmonarca.com\/wp-content\/uploads\/2025\/01\/aplicacion6-1232x704.jpeg 1232w, https:\/\/solucionesmonarca.com\/wp-content\/uploads\/2025\/01\/aplicacion6.jpeg 1792w\" sizes=\"auto, (max-width: 1024px) 100vw, 1024px\" \/><\/figure>\n<\/div><!-- \/wp:image-->\n\n<!-- wp:paragraph {\"style\":{\"elements\":{\"link\":{\"color\":{\"text\":\"var:preset|color|black\"}}}},\"textColor\":\"black\"}--><div class=\"gridContainer\">\n<p class=\"has-black-color has-text-color has-link-color\">Nos destacamos en la creaci\u00f3n y desarrollo de aplicaciones por ofrecer soluciones integrales que abarcan desde opciones est\u00e1ndar hasta desarrollos completamente a medida. Entendemos que cada negocio es \u00fanico, por eso, adem\u00e1s de contar con aplicaciones predise\u00f1adas para sectores como restaurantes, hoteles, puntos de venta y banca, ofrecemos la flexibilidad de crear soluciones personalizadas que se adaptan a las necesidades espec\u00edficas de cada cliente. Nuestro enfoque se centra en optimizar los flujos de trabajo, reducir tiempos de gesti\u00f3n y maximizar los resultados, traduci\u00e9ndose en un importante ahorro de costos para tu empresa.<\/p>\n<\/div><!-- \/wp:paragraph-->\n\n<!-- wp:columns {\"verticalAlignment\":null}--><div class=\"gridContainer\">\n<div class=\"wp-block-columns\"><!-- wp:column {\"verticalAlignment\":\"center\",\"width\":\"33.33%\"}--><div class=\"gridContainer\">\n<div class=\"wp-block-column is-vertically-aligned-center\" style=\"flex-basis:33.33%\"><!-- wp:image {\"id\":154,\"width\":\"249px\",\"height\":\"auto\",\"sizeSlug\":\"large\",\"linkDestination\":\"none\",\"align\":\"center\",\"style\":{\"color\":{\"duotone\":\"unset\"}}}--><div class=\"gridContainer\">\n<figure class=\"wp-block-image aligncenter size-large is-resized\"><img loading=\"lazy\" decoding=\"async\" width=\"585\" height=\"1024\" src=\"https:\/\/solucionesmonarca.com\/wp-content\/uploads\/2025\/01\/aplicacion5-1-585x1024.jpeg\" alt=\"\" class=\"wp-image-154\" style=\"width:249px;height:auto\" srcset=\"https:\/\/solucionesmonarca.com\/wp-content\/uploads\/2025\/01\/aplicacion5-1-585x1024.jpeg 585w, https:\/\/solucionesmonarca.com\/wp-content\/uploads\/2025\/01\/aplicacion5-1-171x300.jpeg 171w, https:\/\/solucionesmonarca.com\/wp-content\/uploads\/2025\/01\/aplicacion5-1-768x1344.jpeg 768w, https:\/\/solucionesmonarca.com\/wp-content\/uploads\/2025\/01\/aplicacion5-1-878x1536.jpeg 878w, https:\/\/solucionesmonarca.com\/wp-content\/uploads\/2025\/01\/aplicacion5-1-617x1080.jpeg 617w, https:\/\/solucionesmonarca.com\/wp-content\/uploads\/2025\/01\/aplicacion5-1.jpeg 1024w\" sizes=\"auto, (max-width: 585px) 100vw, 585px\" \/><\/figure>\n<\/div><!-- \/wp:image--><\/div>\n<\/div><!-- \/wp:column-->\n\n<!-- wp:column {\"width\":\"66.66%\"}--><div class=\"gridContainer\">\n<div class=\"wp-block-column\" style=\"flex-basis:66.66%\"><!-- wp:paragraph {\"style\":{\"elements\":{\"link\":{\"color\":{\"text\":\"var:preset|color|black\"}}}},\"textColor\":\"black\"}--><div class=\"gridContainer\">\n<p class=\"has-black-color has-text-color has-link-color\">En la b\u00fasqueda constante de la excelencia, incorporamos la inteligencia artificial (IA) en nuestros procesos de desarrollo. Esta tecnolog\u00eda nos permite analizar datos, automatizar tareas y optimizar el rendimiento de las aplicaciones, garantizando resultados superiores y una experiencia de usuario excepcional. La IA nos ayuda a predecir tendencias, personalizar la interacci\u00f3n con los usuarios y mejorar la eficiencia operativa, lo que se traduce en un mayor retorno de la inversi\u00f3n para nuestros clientes. Nos comprometemos a ofrecer soluciones innovadoras que impulsen el crecimiento de tu negocio en el competitivo mundo digital.<\/p>\n<\/div><!-- \/wp:paragraph-->\n\n<!-- wp:paragraph--><div class=\"gridContainer\">\n<p>En Monarca, contamos con un equipo de expertos digitales listos para resolver tus dudas y ayudarte a alcanzar tus objetivos. Somos tu aliado perfecto en el mundo digital, ofreciendo soluciones innovadoras para impulsar tu negocio<\/p>\n<\/div><!-- \/wp:paragraph--><\/div>\n<\/div><!-- \/wp:column--><\/div>\n<\/div><!-- \/wp:columns-->\n\n<!-- wp:paragraph--><div class=\"gridContainer\">\n<p><\/p>\n<\/div><!-- \/wp:paragraph-->","protected":false},"excerpt":{"rendered":"<p>Nos destacamos en la creaci\u00f3n y desarrollo de aplicaciones por ofrecer soluciones integrales que abarcan desde opciones est\u00e1ndar hasta desarrollos completamente a medida. Entendemos que cada negocio es \u00fanico, por eso, adem\u00e1s de contar con aplicaciones predise\u00f1adas para sectores como restaurantes, hoteles, puntos de venta y banca, ofrecemos la flexibilidad de crear soluciones personalizadas que&nbsp;&hellip;<\/p>\n","protected":false},"author":1,"featured_media":0,"parent":0,"menu_order":0,"comment_status":"closed","ping_status":"closed","template":"","meta":{"footnotes":""},"class_list":["post-138","page","type-page","status-publish","hentry"],"yoast_head":"<!-- This site is optimized with the Yoast SEO plugin v24.2 - https:\/\/yoast.com\/wordpress\/plugins\/seo\/ -->\n<title>Sistemas - Monarca<\/title>\n<meta name=\"robots\" content=\"index, follow, max-snippet:-1, max-image-preview:large, max-video-preview:-1\" \/>\n<link rel=\"canonical\" href=\"https:\/\/solucionesmonarca.com\/?page_id=138\" \/>\n<meta property=\"og:locale\" content=\"es_ES\" \/>\n<meta property=\"og:type\" content=\"article\" \/>\n<meta property=\"og:title\" content=\"Sistemas - Monarca\" \/>\n<meta property=\"og:description\" content=\"Nos destacamos en la creaci\u00f3n y desarrollo de aplicaciones por ofrecer soluciones integrales que abarcan desde opciones est\u00e1ndar hasta desarrollos completamente a medida. Entendemos que cada negocio es \u00fanico, por eso, adem\u00e1s de contar con aplicaciones predise\u00f1adas para sectores como restaurantes, hoteles, puntos de venta y banca, ofrecemos la flexibilidad de crear soluciones personalizadas que&nbsp;&hellip;\" \/>\n<meta property=\"og:url\" content=\"https:\/\/solucionesmonarca.com\/?page_id=138\" \/>\n<meta property=\"og:site_name\" content=\"Monarca\" \/>\n<meta property=\"article:modified_time\" content=\"2025-01-23T17:21:18+00:00\" \/>\n<meta property=\"og:image\" content=\"https:\/\/solucionesmonarca.com\/wp-content\/uploads\/2025\/01\/aplicacion6.jpeg\" \/>\n\t<meta property=\"og:image:width\" content=\"1792\" \/>\n\t<meta property=\"og:image:height\" content=\"1024\" \/>\n\t<meta property=\"og:image:type\" content=\"image\/jpeg\" \/>\n<meta name=\"twitter:card\" content=\"summary_large_image\" \/>\n<meta name=\"twitter:label1\" content=\"Tiempo de lectura\" \/>\n\t<meta name=\"twitter:data1\" content=\"2 minutos\" \/>\n<script type=\"application\/ld+json\" class=\"yoast-schema-graph\">{\"@context\":\"https:\/\/schema.org\",\"@graph\":[{\"@type\":\"WebPage\",\"@id\":\"https:\/\/solucionesmonarca.com\/?page_id=138\",\"url\":\"https:\/\/solucionesmonarca.com\/?page_id=138\",\"name\":\"Sistemas - Monarca\",\"isPartOf\":{\"@id\":\"https:\/\/solucionesmonarca.com\/#website\"},\"primaryImageOfPage\":{\"@id\":\"https:\/\/solucionesmonarca.com\/?page_id=138#primaryimage\"},\"image\":{\"@id\":\"https:\/\/solucionesmonarca.com\/?page_id=138#primaryimage\"},\"thumbnailUrl\":\"https:\/\/solucionesmonarca.com\/wp-content\/uploads\/2025\/01\/aplicacion6-1024x585.jpeg\",\"datePublished\":\"2025-01-23T16:42:04+00:00\",\"dateModified\":\"2025-01-23T17:21:18+00:00\",\"breadcrumb\":{\"@id\":\"https:\/\/solucionesmonarca.com\/?page_id=138#breadcrumb\"},\"inLanguage\":\"es\",\"potentialAction\":[{\"@type\":\"ReadAction\",\"target\":[\"https:\/\/solucionesmonarca.com\/?page_id=138\"]}]},{\"@type\":\"ImageObject\",\"inLanguage\":\"es\",\"@id\":\"https:\/\/solucionesmonarca.com\/?page_id=138#primaryimage\",\"url\":\"https:\/\/solucionesmonarca.com\/wp-content\/uploads\/2025\/01\/aplicacion6.jpeg\",\"contentUrl\":\"https:\/\/solucionesmonarca.com\/wp-content\/uploads\/2025\/01\/aplicacion6.jpeg\",\"width\":1792,\"height\":1024},{\"@type\":\"BreadcrumbList\",\"@id\":\"https:\/\/solucionesmonarca.com\/?page_id=138#breadcrumb\",\"itemListElement\":[{\"@type\":\"ListItem\",\"position\":1,\"name\":\"Portada\",\"item\":\"https:\/\/solucionesmonarca.com\/\"},{\"@type\":\"ListItem\",\"position\":2,\"name\":\"Sistemas\"}]},{\"@type\":\"WebSite\",\"@id\":\"https:\/\/solucionesmonarca.com\/#website\",\"url\":\"https:\/\/solucionesmonarca.com\/\",\"name\":\"Monarca\",\"description\":\"Solociones a la medida\",\"publisher\":{\"@id\":\"https:\/\/solucionesmonarca.com\/#organization\"},\"potentialAction\":[{\"@type\":\"SearchAction\",\"target\":{\"@type\":\"EntryPoint\",\"urlTemplate\":\"https:\/\/solucionesmonarca.com\/?s={search_term_string}\"},\"query-input\":{\"@type\":\"PropertyValueSpecification\",\"valueRequired\":true,\"valueName\":\"search_term_string\"}}],\"inLanguage\":\"es\"},{\"@type\":\"Organization\",\"@id\":\"https:\/\/solucionesmonarca.com\/#organization\",\"name\":\"Monarca\",\"url\":\"https:\/\/solucionesmonarca.com\/\",\"logo\":{\"@type\":\"ImageObject\",\"inLanguage\":\"es\",\"@id\":\"https:\/\/solucionesmonarca.com\/#\/schema\/logo\/image\/\",\"url\":\"https:\/\/solucionesmonarca.com\/wp-content\/uploads\/2025\/01\/cropped-logoMoncarTrans-1.png\",\"contentUrl\":\"https:\/\/solucionesmonarca.com\/wp-content\/uploads\/2025\/01\/cropped-logoMoncarTrans-1.png\",\"width\":503,\"height\":234,\"caption\":\"Monarca\"},\"image\":{\"@id\":\"https:\/\/solucionesmonarca.com\/#\/schema\/logo\/image\/\"}}]}<\/script>\n<!-- \/ Yoast SEO plugin. -->","yoast_head_json":{"title":"Sistemas - Monarca","robots":{"index":"index","follow":"follow","max-snippet":"max-snippet:-1","max-image-preview":"max-image-preview:large","max-video-preview":"max-video-preview:-1"},"canonical":"https:\/\/solucionesmonarca.com\/?page_id=138","og_locale":"es_ES","og_type":"article","og_title":"Sistemas - Monarca","og_description":"Nos destacamos en la creaci\u00f3n y desarrollo de aplicaciones por ofrecer soluciones integrales que abarcan desde opciones est\u00e1ndar hasta desarrollos completamente a medida. Entendemos que cada negocio es \u00fanico, por eso, adem\u00e1s de contar con aplicaciones predise\u00f1adas para sectores como restaurantes, hoteles, puntos de venta y banca, ofrecemos la flexibilidad de crear soluciones personalizadas que&nbsp;&hellip;","og_url":"https:\/\/solucionesmonarca.com\/?page_id=138","og_site_name":"Monarca","article_modified_time":"2025-01-23T17:21:18+00:00","og_image":[{"width":1792,"height":1024,"url":"https:\/\/solucionesmonarca.com\/wp-content\/uploads\/2025\/01\/aplicacion6.jpeg","type":"image\/jpeg"}],"twitter_card":"summary_large_image","twitter_misc":{"Tiempo de lectura":"2 minutos"},"schema":{"@context":"https:\/\/schema.org","@graph":[{"@type":"WebPage","@id":"https:\/\/solucionesmonarca.com\/?page_id=138","url":"https:\/\/solucionesmonarca.com\/?page_id=138","name":"Sistemas - Monarca","isPartOf":{"@id":"https:\/\/solucionesmonarca.com\/#website"},"primaryImageOfPage":{"@id":"https:\/\/solucionesmonarca.com\/?page_id=138#primaryimage"},"image":{"@id":"https:\/\/solucionesmonarca.com\/?page_id=138#primaryimage"},"thumbnailUrl":"https:\/\/solucionesmonarca.com\/wp-content\/uploads\/2025\/01\/aplicacion6-1024x585.jpeg","datePublished":"2025-01-23T16:42:04+00:00","dateModified":"2025-01-23T17:21:18+00:00","breadcrumb":{"@id":"https:\/\/solucionesmonarca.com\/?page_id=138#breadcrumb"},"inLanguage":"es","potentialAction":[{"@type":"ReadAction","target":["https:\/\/solucionesmonarca.com\/?page_id=138"]}]},{"@type":"ImageObject","inLanguage":"es","@id":"https:\/\/solucionesmonarca.com\/?page_id=138#primaryimage","url":"https:\/\/solucionesmonarca.com\/wp-content\/uploads\/2025\/01\/aplicacion6.jpeg","contentUrl":"https:\/\/solucionesmonarca.com\/wp-content\/uploads\/2025\/01\/aplicacion6.jpeg","width":1792,"height":1024},{"@type":"BreadcrumbList","@id":"https:\/\/solucionesmonarca.com\/?page_id=138#breadcrumb","itemListElement":[{"@type":"ListItem","position":1,"name":"Portada","item":"https:\/\/solucionesmonarca.com\/"},{"@type":"ListItem","position":2,"name":"Sistemas"}]},{"@type":"WebSite","@id":"https:\/\/solucionesmonarca.com\/#website","url":"https:\/\/solucionesmonarca.com\/","name":"Monarca","description":"Solociones a la medida","publisher":{"@id":"https:\/\/solucionesmonarca.com\/#organization"},"potentialAction":[{"@type":"SearchAction","target":{"@type":"EntryPoint","urlTemplate":"https:\/\/solucionesmonarca.com\/?s={search_term_string}"},"query-input":{"@type":"PropertyValueSpecification","valueRequired":true,"valueName":"search_term_string"}}],"inLanguage":"es"},{"@type":"Organization","@id":"https:\/\/solucionesmonarca.com\/#organization","name":"Monarca","url":"https:\/\/solucionesmonarca.com\/","logo":{"@type":"ImageObject","inLanguage":"es","@id":"https:\/\/solucionesmonarca.com\/#\/schema\/logo\/image\/","url":"https:\/\/solucionesmonarca.com\/wp-content\/uploads\/2025\/01\/cropped-logoMoncarTrans-1.png","contentUrl":"https:\/\/solucionesmonarca.com\/wp-content\/uploads\/2025\/01\/cropped-logoMoncarTrans-1.png","width":503,"height":234,"caption":"Monarca"},"image":{"@id":"https:\/\/solucionesmonarca.com\/#\/schema\/logo\/image\/"}}]}},"_links":{"self":[{"href":"https:\/\/solucionesmonarca.com\/index.php?rest_route=\/wp\/v2\/pages\/138","targetHints":{"allow":["GET"]}}],"collection":[{"href":"https:\/\/solucionesmonarca.com\/index.php?rest_route=\/wp\/v2\/pages"}],"about":[{"href":"https:\/\/solucionesmonarca.com\/index.php?rest_route=\/wp\/v2\/types\/page"}],"author":[{"embeddable":true,"href":"https:\/\/solucionesmonarca.com\/index.php?rest_route=\/wp\/v2\/users\/1"}],"replies":[{"embeddable":true,"href":"https:\/\/solucionesmonarca.com\/index.php?rest_route=%2Fwp%2Fv2%2Fcomments&post=138"}],"version-history":[{"count":10,"href":"https:\/\/solucionesmonarca.com\/index.php?rest_route=\/wp\/v2\/pages\/138\/revisions"}],"predecessor-version":[{"id":161,"href":"https:\/\/solucionesmonarca.com\/index.php?rest_route=\/wp\/v2\/pages\/138\/revisions\/161"}],"wp:attachment":[{"href":"https:\/\/solucionesmonarca.com\/index.php?rest_route=%2Fwp%2Fv2%2Fmedia&parent=138"}],"curies":[{"name":"wp","href":"https:\/\/api.w.org\/{rel}","templated":true}]}}